{"id":1517,"date":"2019-06-10T16:22:25","date_gmt":"2019-06-10T14:22:25","guid":{"rendered":"https:\/\/www.ccs-energetica.polimi.it\/sbocchi-professionali\/"},"modified":"2025-09-17T14:50:43","modified_gmt":"2025-09-17T12:50:43","slug":"sbocchi-professionali","status":"publish","type":"page","link":"https:\/\/www.ccs-energetica.polimi.it\/en\/sbocchi-professionali\/","title":{"rendered":"Professional opportunities"},"content":{"rendered":"\n<hr class=\"wp-block-separator has-text-color has-cyan-bluish-gray-color has-css-opacity has-cyan-bluish-gray-background-color has-background is-style-wide\"\/>\n\n\n\n<div class=\"wp-block-columns is-layout-flex wp-container-core-columns-is-layout-9d6595d7 wp-block-columns-is-layout-flex\">\n<div class=\"wp-block-column is-layout-flow wp-block-column-is-layout-flow\">\n<h5 class=\"wp-block-heading\">Bachelor of Science<\/h5>\n\n\n\n<p>There are many career opportunities for Bachelor graduates in Energy Engineering. Research and development, design, testing and operation of power plants and energy systems, as well as new occupations created in recent years, linked to the great transformations that the energy industry is experiencing: in the power utilities, namely in thermoelectric, hydroelectric, oil and natural gas sectors; in the sector of energy management in industry and public administration, users or providers of &#8220;energy&#8221; services; in the design, testing and operation of plants for thermal and cooling production, also in cogeneration mode (combined heat and power production); in the thermal engineering of buildings; in the role of the energy manager, that is an expert in the saving and rational use of energy in the industrial sector, explicitly required by law for companies with significant energy consumption. Bachelor graduates in Energy Engineering, after passing the State Examination, can enroll in the Register of Engineers, with the title of Junior Engineer.<\/p>\n<\/div>\n\n\n\n<div class=\"wp-block-column is-layout-flow wp-block-column-is-layout-flow\">\n<h5 class=\"wp-block-heading\">Master of Science<\/h5>\n\n\n\n<p>Il laureato magistrale in Ingegneria energetica \u00e8 un tecnico con preparazione di elevato livello in grado di affrontare tutte le tematiche, anche quelle pi\u00f9 innovative, per la progettazione e l&#8217;esercizio di impianti per la produzione, distribuzione e utilizzo dell&#8217;energia, di impianti di riscaldamento e condizionamento, dei loro componenti e dei sistemi termotecnici civili e industriali. \u00c8 inoltre in grado di svolgere il ruolo di responsabile dell&#8217;energia nelle aziende ed enti in cui \u00e8 richiesto tale ruolo. I possibili sbocchi professionali per l&#8217;Ingegnere con laurea magistrale sono: nel settore della gestione dell&#8217;energia, nell&#8217;industria e in aziende ed enti pubblici territoriali fornitori del servizio energia; negli enti pubblici o negli organismi internazionali dove \u00e8 richiesto il ruolo di tecnici specialisti dell&#8217;energia; nell&#8217;attivit\u00e0 di progettazione, collaudo, esercizio e manutenzione di impianti energetici; nelle industrie energetiche operanti nei settori termoelettrico, idroelettrico, motoristico, petrolifero e del gas naturale, a livello di produzione o di distribuzione. Ai laureati magistrali sono riservate le attivit\u00e0 di ricerca e sviluppo, nonch\u00e9 quelle relative alle fasi di studio e di progetto delle applicazioni pi\u00f9 specialistiche e di maggior impegno (grandi impianti, processi innovativi, sviluppo di macchine e componenti tecnologicamente avanzati). La preparazione pi\u00f9 ampia e flessibile fornita dal corso di laurea magistrale, inoltre, fa s\u00ec che si aprano possibilit\u00e0 di lavoro in ambiti intersettoriali che coinvolgono il settore energetico. Previo superamento dell&#8217;Esame di Stato, i laureati magistrali in Ingegneria Energetica possono iscriversi all&#8217;Albo dell&#8217;Ordine degli Ingegneri, con il titolo di Ingegnere.<\/p>\n<\/div>\n<\/div>\n\n\n\n<hr class=\"wp-block-separator has-css-opacity\"\/>\n\n\n\n<div class=\"wp-block-columns is-layout-flex wp-container-core-columns-is-layout-9d6595d7 wp-block-columns-is-layout-flex\">\n<div class=\"wp-block-column is-layout-flow wp-block-column-is-layout-flow\" style=\"flex-basis:66.66%\">\n<h2 class=\"wp-block-heading has-text-align-right\"><a href=\"https:\/\/www.ccs-energetica.polimi.it\/en\/dati-occupazionali\/\" target=\"_blank\" rel=\"noreferrer noopener\">Employment statistics<\/a><\/h2>\n<\/div>\n<\/div>\n\n\n\n<hr class=\"wp-block-separator has-css-opacity\"\/>\n\n\n\n<div class=\"wp-block-cover\"><img loading=\"lazy\" decoding=\"async\" width=\"1170\" height=\"400\" class=\"wp-block-cover__image-background wp-image-1348\" alt=\"\" src=\"https:\/\/www.ccs-energetica.polimi.it\/wp-content\/uploads\/2021\/04\/slider_ccs5.jpg\" data-object-fit=\"cover\" srcset=\"https:\/\/www.ccs-energetica.polimi.it\/wp-content\/uploads\/2021\/04\/slider_ccs5.jpg 1170w, https:\/\/www.ccs-energetica.polimi.it\/wp-content\/uploads\/2021\/04\/slider_ccs5-300x103.jpg 300w, https:\/\/www.ccs-energetica.polimi.it\/wp-content\/uploads\/2021\/04\/slider_ccs5-1024x350.jpg 1024w, https:\/\/www.ccs-energetica.polimi.it\/wp-content\/uploads\/2021\/04\/slider_ccs5-768x263.jpg 768w\" sizes=\"auto, (max-width: 1170px) 100vw, 1170px\" \/><div class=\"wp-block-cover__inner-container is-layout-flow wp-block-cover-is-layout-flow\">\n\n<p class=\"has-text-align-center has-large-font-size\"><\/p>\n\n<\/div><\/div>\n\n\n\n<div style=\"height:44px\" aria-hidden=\"true\" class=\"wp-block-spacer\"><\/div>\n","protected":false},"excerpt":{"rendered":"<hr class=\"wp-block-separator has-text-color has-cyan-bluish-gray-color has-css-opacity has-cyan-bluish-gray-background-color has-background is-style-wide\"\/>\n<div class=\"wp-block-columns is-layout-flex wp-container-core-columns-is-layout-9d6595d7 wp-block-columns-is-layout-flex\">\n<div class=\"wp-block-column is-layout-flow wp-block-column-is-layout-flow\">\n<h5 class=\"wp-block-heading\">Bachelor of Science<\/h5>\n<p>There are many career opportunities for Bachelor graduates in Energy Engineering. Research and development,<\/p>\n<\/div>\n<\/div>\n<p> &hellip; <a href=\"https:\/\/www.ccs-energetica.polimi.it\/en\/sbocchi-professionali\/\" class=\"more-link\">Continue reading <span class=\"screen-reader-text\">Professional opportunities<\/span><\/a><\/p>\n","protected":false},"author":2,"featured_media":0,"parent":0,"menu_order":55,"comment_status":"closed","ping_status":"closed","template":"page-templates\/full-width.php","meta":{"footnotes":""},"class_list":["post-1517","page","type-page","status-publish","hentry"],"jetpack_sharing_enabled":true,"_links":{"self":[{"href":"https:\/\/www.ccs-energetica.polimi.it\/en\/wp-json\/wp\/v2\/pages\/1517","targetHints":{"allow":["GET"]}}],"collection":[{"href":"https:\/\/www.ccs-energetica.polimi.it\/en\/wp-json\/wp\/v2\/pages"}],"about":[{"href":"https:\/\/www.ccs-energetica.polimi.it\/en\/wp-json\/wp\/v2\/types\/page"}],"author":[{"embeddable":true,"href":"https:\/\/www.ccs-energetica.polimi.it\/en\/wp-json\/wp\/v2\/users\/2"}],"replies":[{"embeddable":true,"href":"https:\/\/www.ccs-energetica.polimi.it\/en\/wp-json\/wp\/v2\/comments?post=1517"}],"version-history":[{"count":5,"href":"https:\/\/www.ccs-energetica.polimi.it\/en\/wp-json\/wp\/v2\/pages\/1517\/revisions"}],"predecessor-version":[{"id":2490,"href":"https:\/\/www.ccs-energetica.polimi.it\/en\/wp-json\/wp\/v2\/pages\/1517\/revisions\/2490"}],"wp:attachment":[{"href":"https:\/\/www.ccs-energetica.polimi.it\/en\/wp-json\/wp\/v2\/media?parent=1517"}],"curies":[{"name":"wp","href":"https:\/\/api.w.org\/{rel}","templated":true}]}}