{"id":134,"date":"2019-06-10T16:14:46","date_gmt":"2019-06-10T14:14:46","guid":{"rendered":"https:\/\/www.ccs-energetica.polimi.it\/?page_id=134"},"modified":"2025-09-05T16:58:26","modified_gmt":"2025-09-05T14:58:26","slug":"sedi-del-corso-di-studio","status":"publish","type":"page","link":"https:\/\/www.ccs-energetica.polimi.it\/it\/presentazione\/sedi-del-corso-di-studio\/","title":{"rendered":"Sedi del Corso di Studio"},"content":{"rendered":"\n<hr class=\"wp-block-separator has-text-color has-cyan-bluish-gray-color has-css-opacity has-cyan-bluish-gray-background-color has-background is-style-wide\"\/>\n\n\n\n<h5 class=\"wp-block-heading\">Politecnico di Milano \u2013 Campus di Bovisa<\/h5>\n\n\n\n<p>Questo campus \u00e8 uno dei due insediamenti del Politecnico nella citt\u00e0 di Milano. Situato nella zona nord-occidentale della citt\u00e0 \u00e8 raggiungibile per mezzo dei principali mezzi di trasporto pubblico. In questo campus viene svolta l&#8217;attivit\u00e0 formativa per la laurea di primo livello e per 5 dei 6 piani di studio su cui \u00e8 articolata la laurea magistrale. L&#8217;attivit\u00e0 didattica si avvale della vicinanza dei laboratori del Dipartimento di Energia, a cui afferisce la maggior parte dei docenti dei corsi di studio in Ingegneria Energetica.<\/p>\n\n\n\n<div class=\"wp-block-buttons is-layout-flex wp-block-buttons-is-layout-flex\">\n<div class=\"wp-block-button\"><a class=\"wp-block-button__link has-background wp-element-button\" href=\"https:\/\/www.polimi.it\/il-politecnico\/governance\/strutture\/sedi\/milano-bovisa\" style=\"background-color:#ff9c1b\" target=\"_blank\" rel=\"noreferrer noopener\">Info<\/a><\/div>\n<\/div>\n\n\n\n<figure class=\"wp-block-gallery has-nested-images columns-default is-cropped wp-block-gallery-1 is-layout-flex wp-block-gallery-is-layout-flex\">\n<figure class=\"wp-block-image size-large\"><img loading=\"lazy\" decoding=\"async\" width=\"1000\" height=\"665\" data-id=\"1300\" src=\"https:\/\/www.ccs-energetica.polimi.it\/wp-content\/uploads\/2021\/04\/DSC9337_r.jpg\" alt=\"\" class=\"wp-image-1300\" srcset=\"https:\/\/www.ccs-energetica.polimi.it\/wp-content\/uploads\/2021\/04\/DSC9337_r.jpg 1000w, https:\/\/www.ccs-energetica.polimi.it\/wp-content\/uploads\/2021\/04\/DSC9337_r-300x200.jpg 300w, https:\/\/www.ccs-energetica.polimi.it\/wp-content\/uploads\/2021\/04\/DSC9337_r-768x511.jpg 768w\" sizes=\"auto, (max-width: 1000px) 100vw, 1000px\" \/><\/figure>\n\n\n\n<figure class=\"wp-block-image size-large\"><img loading=\"lazy\" decoding=\"async\" width=\"1000\" height=\"667\" data-id=\"1303\" src=\"https:\/\/www.ccs-energetica.polimi.it\/wp-content\/uploads\/2021\/04\/file1-4_r.jpg\" alt=\"\" class=\"wp-image-1303\" srcset=\"https:\/\/www.ccs-energetica.polimi.it\/wp-content\/uploads\/2021\/04\/file1-4_r.jpg 1000w, https:\/\/www.ccs-energetica.polimi.it\/wp-content\/uploads\/2021\/04\/file1-4_r-300x200.jpg 300w, https:\/\/www.ccs-energetica.polimi.it\/wp-content\/uploads\/2021\/04\/file1-4_r-768x512.jpg 768w\" sizes=\"auto, (max-width: 1000px) 100vw, 1000px\" \/><\/figure>\n\n\n\n<figure class=\"wp-block-image size-large\"><img loading=\"lazy\" decoding=\"async\" width=\"1000\" height=\"667\" data-id=\"1305\" src=\"https:\/\/www.ccs-energetica.polimi.it\/wp-content\/uploads\/2021\/04\/DSC9324_r.jpg\" alt=\"\" class=\"wp-image-1305\" srcset=\"https:\/\/www.ccs-energetica.polimi.it\/wp-content\/uploads\/2021\/04\/DSC9324_r.jpg 1000w, https:\/\/www.ccs-energetica.polimi.it\/wp-content\/uploads\/2021\/04\/DSC9324_r-300x200.jpg 300w, https:\/\/www.ccs-energetica.polimi.it\/wp-content\/uploads\/2021\/04\/DSC9324_r-768x512.jpg 768w\" sizes=\"auto, (max-width: 1000px) 100vw, 1000px\" \/><\/figure>\n<\/figure>\n\n\n\n<figure class=\"wp-block-gallery has-nested-images columns-default is-cropped wp-block-gallery-2 is-layout-flex wp-block-gallery-is-layout-flex\">\n<figure class=\"wp-block-image size-large\"><img loading=\"lazy\" decoding=\"async\" width=\"1000\" height=\"667\" data-id=\"1654\" src=\"https:\/\/www.ccs-energetica.polimi.it\/wp-content\/uploads\/2021\/05\/IMG_5568_r-1.jpg\" alt=\"\" class=\"wp-image-1654\" srcset=\"https:\/\/www.ccs-energetica.polimi.it\/wp-content\/uploads\/2021\/05\/IMG_5568_r-1.jpg 1000w, https:\/\/www.ccs-energetica.polimi.it\/wp-content\/uploads\/2021\/05\/IMG_5568_r-1-300x200.jpg 300w, https:\/\/www.ccs-energetica.polimi.it\/wp-content\/uploads\/2021\/05\/IMG_5568_r-1-768x512.jpg 768w\" sizes=\"auto, (max-width: 1000px) 100vw, 1000px\" \/><\/figure>\n\n\n\n<figure class=\"wp-block-image size-large\"><img loading=\"lazy\" decoding=\"async\" width=\"1000\" height=\"667\" data-id=\"1656\" src=\"https:\/\/www.ccs-energetica.polimi.it\/wp-content\/uploads\/2021\/05\/IMG_5576_r-1.jpg\" alt=\"\" class=\"wp-image-1656\" srcset=\"https:\/\/www.ccs-energetica.polimi.it\/wp-content\/uploads\/2021\/05\/IMG_5576_r-1.jpg 1000w, https:\/\/www.ccs-energetica.polimi.it\/wp-content\/uploads\/2021\/05\/IMG_5576_r-1-300x200.jpg 300w, https:\/\/www.ccs-energetica.polimi.it\/wp-content\/uploads\/2021\/05\/IMG_5576_r-1-768x512.jpg 768w\" sizes=\"auto, (max-width: 1000px) 100vw, 1000px\" \/><\/figure>\n\n\n\n<figure class=\"wp-block-image size-large\"><img loading=\"lazy\" decoding=\"async\" width=\"1000\" height=\"666\" data-id=\"1658\" src=\"https:\/\/www.ccs-energetica.polimi.it\/wp-content\/uploads\/2021\/05\/BL28_1_r-1.jpg\" alt=\"\" class=\"wp-image-1658\" srcset=\"https:\/\/www.ccs-energetica.polimi.it\/wp-content\/uploads\/2021\/05\/BL28_1_r-1.jpg 1000w, https:\/\/www.ccs-energetica.polimi.it\/wp-content\/uploads\/2021\/05\/BL28_1_r-1-300x200.jpg 300w, https:\/\/www.ccs-energetica.polimi.it\/wp-content\/uploads\/2021\/05\/BL28_1_r-1-768x511.jpg 768w\" sizes=\"auto, (max-width: 1000px) 100vw, 1000px\" \/><\/figure>\n<\/figure>\n\n\n\n<hr class=\"wp-block-separator has-css-opacity is-style-wide\"\/>\n\n\n\n<h5 class=\"wp-block-heading\">Politecnico di Milano \u2013 Campus di Piacenza<\/h5>\n\n\n\n<p>Il campus di Piacenza sorge in prossimit\u00e0 della stazione ferroviaria, non lontano dal centro storico della citt\u00e0 e dei principali luoghi di interesse e di svago. In questo campus viene svolta l&#8217;attivit\u00e0 formativa relativa al piano di studi &#8221; Renewables and Environmental Sustainability&#8221; della laurea magistrale. La didattica si avvale della vicinanza del laboratorio <a href=\"http:\/\/www.leap.polimi.it\/leap\/\" target=\"_blank\" rel=\"noreferrer noopener\">LEAP (Laboratorio Energia e Ambiente Piacenza)<\/a>, uno dei nodi della rete Alta Tecnologia della Regione Emilia-Romagna, in cui viene sviluppata attivit\u00e0 di ricerca di ambito energetico.<\/p>\n\n\n\n<div class=\"wp-block-buttons is-layout-flex wp-block-buttons-is-layout-flex\">\n<div class=\"wp-block-button\"><a class=\"wp-block-button__link has-background wp-element-button\" href=\"https:\/\/www.polo-piacenza.polimi.it\/\" style=\"background-color:#ff9c1b\" target=\"_blank\" rel=\"noreferrer noopener\">info<\/a><\/div>\n<\/div>\n\n\n\n<figure class=\"wp-block-gallery has-nested-images columns-default is-cropped wp-block-gallery-3 is-layout-flex wp-block-gallery-is-layout-flex\">\n<figure class=\"wp-block-image size-large\"><img loading=\"lazy\" decoding=\"async\" width=\"500\" height=\"320\" data-id=\"583\" src=\"https:\/\/www.ccs-energetica.polimi.it\/wp-content\/uploads\/2021\/02\/500X320_CasermaNeve_SCA8795_1.jpg\" alt=\"\" class=\"wp-image-583\" srcset=\"https:\/\/www.ccs-energetica.polimi.it\/wp-content\/uploads\/2021\/02\/500X320_CasermaNeve_SCA8795_1.jpg 500w, https:\/\/www.ccs-energetica.polimi.it\/wp-content\/uploads\/2021\/02\/500X320_CasermaNeve_SCA8795_1-300x192.jpg 300w\" sizes=\"auto, (max-width: 500px) 100vw, 500px\" \/><\/figure>\n\n\n\n<figure class=\"wp-block-image size-large\"><img loading=\"lazy\" decoding=\"async\" width=\"500\" height=\"320\" data-id=\"585\" src=\"https:\/\/www.ccs-energetica.polimi.it\/wp-content\/uploads\/2021\/02\/500X320_Chiostri_SCA8737_1.jpg\" alt=\"\" class=\"wp-image-585\" srcset=\"https:\/\/www.ccs-energetica.polimi.it\/wp-content\/uploads\/2021\/02\/500X320_Chiostri_SCA8737_1.jpg 500w, https:\/\/www.ccs-energetica.polimi.it\/wp-content\/uploads\/2021\/02\/500X320_Chiostri_SCA8737_1-300x192.jpg 300w\" sizes=\"auto, (max-width: 500px) 100vw, 500px\" \/><\/figure>\n\n\n\n<figure class=\"wp-block-image size-large\"><img loading=\"lazy\" decoding=\"async\" width=\"500\" height=\"320\" data-id=\"587\" src=\"https:\/\/www.ccs-energetica.polimi.it\/wp-content\/uploads\/2021\/02\/500X320_Esterno_Arata.jpg\" alt=\"\" class=\"wp-image-587\" srcset=\"https:\/\/www.ccs-energetica.polimi.it\/wp-content\/uploads\/2021\/02\/500X320_Esterno_Arata.jpg 500w, https:\/\/www.ccs-energetica.polimi.it\/wp-content\/uploads\/2021\/02\/500X320_Esterno_Arata-300x192.jpg 300w\" sizes=\"auto, (max-width: 500px) 100vw, 500px\" \/><\/figure>\n\n\n\n<figure class=\"wp-block-image size-large\"><img loading=\"lazy\" decoding=\"async\" width=\"500\" height=\"320\" data-id=\"589\" src=\"https:\/\/www.ccs-energetica.polimi.it\/wp-content\/uploads\/2021\/02\/500X320_Esterno_bandiere_SCA8819_1.jpg\" alt=\"\" class=\"wp-image-589\" srcset=\"https:\/\/www.ccs-energetica.polimi.it\/wp-content\/uploads\/2021\/02\/500X320_Esterno_bandiere_SCA8819_1.jpg 500w, https:\/\/www.ccs-energetica.polimi.it\/wp-content\/uploads\/2021\/02\/500X320_Esterno_bandiere_SCA8819_1-300x192.jpg 300w\" sizes=\"auto, (max-width: 500px) 100vw, 500px\" \/><\/figure>\n\n\n\n<figure class=\"wp-block-image size-large\"><img loading=\"lazy\" decoding=\"async\" width=\"500\" height=\"320\" data-id=\"591\" src=\"https:\/\/www.ccs-energetica.polimi.it\/wp-content\/uploads\/2021\/02\/500X320_Studenti_su_cubi_Arata.jpg\" alt=\"\" class=\"wp-image-591\" srcset=\"https:\/\/www.ccs-energetica.polimi.it\/wp-content\/uploads\/2021\/02\/500X320_Studenti_su_cubi_Arata.jpg 500w, https:\/\/www.ccs-energetica.polimi.it\/wp-content\/uploads\/2021\/02\/500X320_Studenti_su_cubi_Arata-300x192.jpg 300w\" sizes=\"auto, (max-width: 500px) 100vw, 500px\" \/><\/figure>\n\n\n\n<figure class=\"wp-block-image size-large\"><img loading=\"lazy\" decoding=\"async\" width=\"500\" height=\"320\" data-id=\"593\" src=\"https:\/\/www.ccs-energetica.polimi.it\/wp-content\/uploads\/2021\/02\/500X320_Viale_Arata.jpg\" alt=\"\" class=\"wp-image-593\" srcset=\"https:\/\/www.ccs-energetica.polimi.it\/wp-content\/uploads\/2021\/02\/500X320_Viale_Arata.jpg 500w, https:\/\/www.ccs-energetica.polimi.it\/wp-content\/uploads\/2021\/02\/500X320_Viale_Arata-300x192.jpg 300w\" sizes=\"auto, (max-width: 500px) 100vw, 500px\" \/><\/figure>\n<\/figure>\n\n\n\n<hr class=\"wp-block-separator has-css-opacity\"\/>\n\n\n\n<div class=\"wp-block-columns is-layout-flex wp-container-core-columns-is-layout-9d6595d7 wp-block-columns-is-layout-flex\">\n<div class=\"wp-block-column is-layout-flow wp-block-column-is-layout-flow\" style=\"flex-basis:33.33%\">\n<p><strong>Politecnico di Milano<\/strong>, guarda il video di presentazione:<\/p>\n<\/div>\n\n\n\n<div class=\"wp-block-column is-layout-flow wp-block-column-is-layout-flow\" style=\"flex-basis:66.66%\">\n<figure class=\"wp-block-embed is-type-video is-provider-youtube wp-block-embed-youtube wp-embed-aspect-16-9 wp-has-aspect-ratio\"><div class=\"wp-block-embed__wrapper\">\n<div class=\"jetpack-video-wrapper\"><iframe loading=\"lazy\" title=\"Politecnico di Milano\" width=\"1140\" height=\"641\" src=\"https:\/\/www.youtube.com\/embed\/KFEk-eB0IFs?feature=oembed\" frameborder=\"0\" allow=\"accelerometer; autoplay; clipboard-write; encrypted-media; gyroscope; picture-in-picture\" allowfullscreen><\/iframe><\/div>\n<\/div><\/figure>\n<\/div>\n<\/div>\n","protected":false},"excerpt":{"rendered":"<hr class=\"wp-block-separator has-text-color has-cyan-bluish-gray-color has-css-opacity has-cyan-bluish-gray-background-color has-background is-style-wide\"\/>\n<h5 class=\"wp-block-heading\">Politecnico di Milano \u2013 Campus di Bovisa<\/h5>\n<p>Questo campus \u00e8 uno dei due insediamenti del Politecnico nella citt\u00e0 di Milano.<\/p>\n<p> &hellip; <a href=\"https:\/\/www.ccs-energetica.polimi.it\/it\/presentazione\/sedi-del-corso-di-studio\/\" class=\"more-link\">Continue reading <span class=\"screen-reader-text\">Sedi del Corso di Studio<\/span><\/a><\/p>\n","protected":false},"author":2,"featured_media":0,"parent":2,"menu_order":17,"comment_status":"closed","ping_status":"closed","template":"page-templates\/full-width.php","meta":{"footnotes":""},"class_list":["post-134","page","type-page","status-publish","hentry"],"jetpack_sharing_enabled":true,"_links":{"self":[{"href":"https:\/\/www.ccs-energetica.polimi.it\/it\/wp-json\/wp\/v2\/pages\/134","targetHints":{"allow":["GET"]}}],"collection":[{"href":"https:\/\/www.ccs-energetica.polimi.it\/it\/wp-json\/wp\/v2\/pages"}],"about":[{"href":"https:\/\/www.ccs-energetica.polimi.it\/it\/wp-json\/wp\/v2\/types\/page"}],"author":[{"embeddable":true,"href":"https:\/\/www.ccs-energetica.polimi.it\/it\/wp-json\/wp\/v2\/users\/2"}],"replies":[{"embeddable":true,"href":"https:\/\/www.ccs-energetica.polimi.it\/it\/wp-json\/wp\/v2\/comments?post=134"}],"version-history":[{"count":20,"href":"https:\/\/www.ccs-energetica.polimi.it\/it\/wp-json\/wp\/v2\/pages\/134\/revisions"}],"predecessor-version":[{"id":2421,"href":"https:\/\/www.ccs-energetica.polimi.it\/it\/wp-json\/wp\/v2\/pages\/134\/revisions\/2421"}],"up":[{"embeddable":true,"href":"https:\/\/www.ccs-energetica.polimi.it\/it\/wp-json\/wp\/v2\/pages\/2"}],"wp:attachment":[{"href":"https:\/\/www.ccs-energetica.polimi.it\/it\/wp-json\/wp\/v2\/media?parent=134"}],"curies":[{"name":"wp","href":"https:\/\/api.w.org\/{rel}","templated":true}]}}