{"id":142,"date":"2019-06-10T16:22:25","date_gmt":"2019-06-10T14:22:25","guid":{"rendered":"https:\/\/www.ccs-energetica.polimi.it\/?page_id=142"},"modified":"2023-03-28T17:12:33","modified_gmt":"2023-03-28T15:12:33","slug":"sbocchi-professionali","status":"publish","type":"page","link":"https:\/\/www.ccs-energetica.polimi.it\/it\/lavoro\/sbocchi-professionali\/","title":{"rendered":"Sbocchi professionali"},"content":{"rendered":"\n<hr class=\"wp-block-separator has-text-color has-cyan-bluish-gray-color has-css-opacity has-cyan-bluish-gray-background-color has-background is-style-wide\"\/>\n\n\n\n<div class=\"wp-block-columns is-layout-flex wp-container-core-columns-is-layout-9d6595d7 wp-block-columns-is-layout-flex\">\n<div class=\"wp-block-column is-layout-flow wp-block-column-is-layout-flow\">\n<h5 class=\"wp-block-heading\">Corso di Laurea<\/h5>\n\n\n\n<p>Gli sbocchi professionali per i laureati in Ingegneria Energetica sono molteplici. Alle attivit\u00e0 di ricerca e sviluppo, di progettazione, collaudo ed esercizio degli impianti e sistemi energetici, si sono affiancate negli ultimi anni numerose occupazioni, connesse alle grandi trasformazioni che l&#8217;industria energetica sta vivendo: nelle industrie produttrici e distributrici di energia, nel settore termoelettrico, idroelettrico, petrolifero e del gas naturale; nel settore della gestione dell&#8217;energia nell&#8217;industria e in aziende o enti pubblici territoriali, utilizzatori o fornitori del servizio &#8220;energia&#8221;; nell&#8217;attivit\u00e0 di progettazione, collaudo ed esercizio di impianti per la produzione termica e frigorifera, anche in modalit\u00e0 cogenerativa (integrata alla produzione di energia elettrica); nella progettazione termotecnica degli edifici; nel ruolo dell&#8217;energy manager, ossia di un esperto della conservazione e dell&#8217;uso razionale dell&#8217;energia nel comparto industriale, esplicitamente previsto dalla legge per le aziende con consumi energetici significativi. I laureati in Ingegneria Energetica, previo superamento dell&#8217;Esame di Stato, possono iscriversi all&#8217;Albo dell&#8217;Ordine degli Ingegneri, con il titolo di Ingegnere Iunior.<\/p>\n<\/div>\n\n\n\n<div class=\"wp-block-column is-layout-flow wp-block-column-is-layout-flow\">\n<h5 class=\"wp-block-heading\">Corso di Laurea Magistrale<\/h5>\n\n\n\n<p>Il laureato magistrale in Ingegneria energetica \u00e8 un tecnico con preparazione di elevato livello in grado di affrontare tutte le tematiche, anche quelle pi\u00f9 innovative, per la progettazione e l&#8217;esercizio di impianti per la produzione, distribuzione e utilizzo dell&#8217;energia, di impianti di riscaldamento e condizionamento, dei loro componenti e dei sistemi termotecnici civili e industriali. \u00c8 inoltre in grado di svolgere il ruolo di responsabile dell&#8217;energia nelle aziende ed enti in cui \u00e8 richiesto tale ruolo. I possibili sbocchi professionali per l&#8217;Ingegnere con laurea magistrale sono: nel settore della gestione dell&#8217;energia, nell&#8217;industria e in aziende ed enti pubblici territoriali fornitori del servizio energia; negli enti pubblici o negli organismi internazionali dove \u00e8 richiesto il ruolo di tecnici specialisti dell&#8217;energia; nell&#8217;attivit\u00e0 di progettazione, collaudo, esercizio e manutenzione di impianti energetici; nelle industrie energetiche operanti nei settori termoelettrico, idroelettrico, motoristico, petrolifero e del gas naturale, a livello di produzione o di distribuzione. Ai laureati magistrali sono riservate le attivit\u00e0 di ricerca e sviluppo, nonch\u00e9 quelle relative alle fasi di studio e di progetto delle applicazioni pi\u00f9 specialistiche e di maggior impegno (grandi impianti, processi innovativi, sviluppo di macchine e componenti tecnologicamente avanzati). La preparazione pi\u00f9 ampia e flessibile fornita dal corso di laurea magistrale, inoltre, fa s\u00ec che si aprano possibilit\u00e0 di lavoro in ambiti intersettoriali che coinvolgono il settore energetico. Previo superamento dell&#8217;Esame di Stato, i laureati magistrali in Ingegneria Energetica possono iscriversi all&#8217;Albo dell&#8217;Ordine degli Ingegneri, con il titolo di Ingegnere.<\/p>\n<\/div>\n<\/div>\n\n\n\n<hr class=\"wp-block-separator has-css-opacity\"\/>\n\n\n\n<div class=\"wp-block-columns is-layout-flex wp-container-core-columns-is-layout-9d6595d7 wp-block-columns-is-layout-flex\">\n<div class=\"wp-block-column is-layout-flow wp-block-column-is-layout-flow\" style=\"flex-basis:66.66%\">\n<h2 class=\"has-text-align-right wp-block-heading\">Guarda i dati occupazionali<\/h2>\n<\/div>\n\n\n\n<div class=\"wp-block-column is-layout-flow wp-block-column-is-layout-flow\" style=\"flex-basis:33.33%\">\n<div class=\"wp-block-buttons is-layout-flex wp-block-buttons-is-layout-flex\">\n<div class=\"wp-block-button\"><a class=\"wp-block-button__link has-white-color has-text-color has-background wp-element-button\" href=\"https:\/\/www.ccs-energetica.polimi.it\/lavoro\/dati-occupazionali\/\" style=\"background-color:#ff9c1b\">Indagine Career Service<\/a><\/div>\n<\/div>\n<\/div>\n<\/div>\n\n\n\n<hr class=\"wp-block-separator has-css-opacity\"\/>\n\n\n\n<div class=\"wp-block-cover is-light\"><span aria-hidden=\"true\" class=\"wp-block-cover__background has-background-dim-0 has-background-dim\"><\/span><img loading=\"lazy\" decoding=\"async\" width=\"1170\" height=\"400\" class=\"wp-block-cover__image-background wp-image-1347\" alt=\"\" src=\"https:\/\/www.ccs-energetica.polimi.it\/wp-content\/uploads\/2021\/04\/slider_ccs5.jpg\" data-object-fit=\"cover\" srcset=\"https:\/\/www.ccs-energetica.polimi.it\/wp-content\/uploads\/2021\/04\/slider_ccs5.jpg 1170w, https:\/\/www.ccs-energetica.polimi.it\/wp-content\/uploads\/2021\/04\/slider_ccs5-300x103.jpg 300w, https:\/\/www.ccs-energetica.polimi.it\/wp-content\/uploads\/2021\/04\/slider_ccs5-1024x350.jpg 1024w, https:\/\/www.ccs-energetica.polimi.it\/wp-content\/uploads\/2021\/04\/slider_ccs5-768x263.jpg 768w\" sizes=\"auto, (max-width: 1170px) 100vw, 1170px\" \/><div class=\"wp-block-cover__inner-container is-layout-flow wp-block-cover-is-layout-flow\">\n<p class=\"has-text-align-center has-large-font-size\"><\/p>\n<\/div><\/div>\n\n\n\n<div style=\"height:44px\" aria-hidden=\"true\" class=\"wp-block-spacer\"><\/div>\n","protected":false},"excerpt":{"rendered":"<hr class=\"wp-block-separator has-text-color has-cyan-bluish-gray-color has-css-opacity has-cyan-bluish-gray-background-color has-background is-style-wide\"\/>\n<div class=\"wp-block-columns is-layout-flex wp-container-core-columns-is-layout-9d6595d7 wp-block-columns-is-layout-flex\">\n<div class=\"wp-block-column is-layout-flow wp-block-column-is-layout-flow\">\n<h5 class=\"wp-block-heading\">Corso di Laurea<\/h5>\n<p>Gli sbocchi professionali per i laureati in Ingegneria Energetica sono molteplici. Alle attivit\u00e0 di ricerca e sviluppo,<\/p>\n<\/div>\n<\/div>\n<p> &hellip; <a href=\"https:\/\/www.ccs-energetica.polimi.it\/it\/lavoro\/sbocchi-professionali\/\" class=\"more-link\">Continue reading <span class=\"screen-reader-text\">Sbocchi professionali<\/span><\/a><\/p>\n","protected":false},"author":2,"featured_media":0,"parent":25,"menu_order":54,"comment_status":"closed","ping_status":"closed","template":"page-templates\/full-width.php","meta":{"footnotes":""},"class_list":["post-142","page","type-page","status-publish","hentry"],"jetpack_sharing_enabled":true,"_links":{"self":[{"href":"https:\/\/www.ccs-energetica.polimi.it\/it\/wp-json\/wp\/v2\/pages\/142","targetHints":{"allow":["GET"]}}],"collection":[{"href":"https:\/\/www.ccs-energetica.polimi.it\/it\/wp-json\/wp\/v2\/pages"}],"about":[{"href":"https:\/\/www.ccs-energetica.polimi.it\/it\/wp-json\/wp\/v2\/types\/page"}],"author":[{"embeddable":true,"href":"https:\/\/www.ccs-energetica.polimi.it\/it\/wp-json\/wp\/v2\/users\/2"}],"replies":[{"embeddable":true,"href":"https:\/\/www.ccs-energetica.polimi.it\/it\/wp-json\/wp\/v2\/comments?post=142"}],"version-history":[{"count":20,"href":"https:\/\/www.ccs-energetica.polimi.it\/it\/wp-json\/wp\/v2\/pages\/142\/revisions"}],"predecessor-version":[{"id":2022,"href":"https:\/\/www.ccs-energetica.polimi.it\/it\/wp-json\/wp\/v2\/pages\/142\/revisions\/2022"}],"up":[{"embeddable":true,"href":"https:\/\/www.ccs-energetica.polimi.it\/it\/wp-json\/wp\/v2\/pages\/25"}],"wp:attachment":[{"href":"https:\/\/www.ccs-energetica.polimi.it\/it\/wp-json\/wp\/v2\/media?parent=142"}],"curies":[{"name":"wp","href":"https:\/\/api.w.org\/{rel}","templated":true}]}}