{"id":163,"date":"2019-06-10T16:35:00","date_gmt":"2019-06-10T14:35:00","guid":{"rendered":"https:\/\/www.ccs-energetica.polimi.it\/?page_id=163"},"modified":"2026-02-04T16:48:46","modified_gmt":"2026-02-04T14:48:46","slug":"ammissione-dottorato","status":"publish","type":"page","link":"https:\/\/www.ccs-energetica.polimi.it\/it\/studenti\/ammissione-dottorato\/","title":{"rendered":"Ammissione Dottorato"},"content":{"rendered":"\n<hr class=\"wp-block-separator has-text-color has-cyan-bluish-gray-color has-css-opacity has-cyan-bluish-gray-background-color has-background is-style-wide\"\/>\n\n\n\n<p>Il Dottorato di Ricerca in Scienze e Tecnologie Energetiche e Nucleari (STEN) \u00e8 concepito e organizzato per preparare professionisti di alto profilo culturale, attuata attraverso un percorso che coniuga ricerca, tecnologia e innovazione.<\/p>\n\n\n\n<p>La figura del Dottore di Ricerca in Scienze e Tecnologie Energetiche e Nucleari, oltre alle caratteristiche del laureato specialista, ha la capacit\u00e0 di condurre autonomamente progetti di ricerca applicata e di organizzarne l&#8217;attivit\u00e0 operativa. Il dottore di ricerca sar\u00e0 quindi preparato ad affrontare carriere e percorsi industriali a stretto contatto con tecnologie all\u2019avanguardia e potr\u00e0 soddisfare la duplice richiesta di formazione che proviene da aziende ed enti di ricerca (che richiedono ricercatori di elevata qualificazione) e dalle universit\u00e0.<\/p>\n\n\n\n<p>Tutte le informazioni sul Dottorato in Scienze e Tecnologie Energetiche e Nucleari sono disponibili&nbsp;sul <a href=\"http:\/www.energia.polimi.it\/dipartimento-di-energia\/formazione\/dottorato\/\" target=\"_blank\" rel=\"noreferrer noopener\">sito del Dipartimento di Energia<\/a> e sul <a href=\"https:\/\/www.dottorato.polimi.it\/\" target=\"_blank\" rel=\"noreferrer noopener\">sito del dottorato<\/a>.<\/p>\n\n\n\n<div style=\"height:29px\" aria-hidden=\"true\" class=\"wp-block-spacer\"><\/div>\n\n\n\n<div class=\"wp-block-cover is-light\" style=\"min-height:184px;aspect-ratio:unset;\"><span aria-hidden=\"true\" class=\"wp-block-cover__background has-background-dim-100 has-background-dim has-background-gradient\" style=\"background:linear-gradient(135deg,rgb(238,238,238) 43%,rgb(169,184,195) 100%)\"><\/span><div class=\"wp-block-cover__inner-container is-layout-flow wp-block-cover-is-layout-flow\">\n<h4 class=\"wp-block-heading has-black-color has-text-color\">Come iscriversi<\/h4>\n\n\n\n<p class=\"has-black-color has-text-color\">L&#8217;ammissione al Dottorato di Ricerca avviene tramite&nbsp;selezione ed \u00e8 regolato da un bando&nbsp;di dottorato. Tutte le informazioni sono disponibili<a href=\"https:\/\/www.dottorato.polimi.it\/\"> qui<\/a>.<\/p>\n<\/div><\/div>\n\n\n\n<div style=\"height:60px\" aria-hidden=\"true\" class=\"wp-block-spacer\"><\/div>\n\n\n\n<div class=\"wp-block-columns is-layout-flex wp-container-core-columns-is-layout-9d6595d7 wp-block-columns-is-layout-flex\">\n<div class=\"wp-block-column is-layout-flow wp-block-column-is-layout-flow\">\n<h4 class=\"wp-block-heading\">Responsabile Dottorato<\/h4>\n\n\n\n<div class=\"wp-block-media-text alignwide is-stacked-on-mobile\" style=\"grid-template-columns:34% auto\"><figure class=\"wp-block-media-text__media\"><img loading=\"lazy\" decoding=\"async\" width=\"600\" height=\"558\" src=\"https:\/\/www.ccs-energetica.polimi.it\/wp-content\/uploads\/2026\/02\/Di-Maio_Francesco_1236.jpg\" alt=\"\" class=\"wp-image-2581 size-full\" srcset=\"https:\/\/www.ccs-energetica.polimi.it\/wp-content\/uploads\/2026\/02\/Di-Maio_Francesco_1236.jpg 600w, https:\/\/www.ccs-energetica.polimi.it\/wp-content\/uploads\/2026\/02\/Di-Maio_Francesco_1236-300x279.jpg 300w\" sizes=\"auto, (max-width: 600px) 100vw, 600px\" \/><\/figure><div class=\"wp-block-media-text__content\">\n<h5 class=\"wp-block-heading\">Prof. Francesco Di Maio<\/h5>\n\n\n\n<p>Email: <a href=\"mailto: francesco.dimaio@polimi.it\" target=\"_blank\" rel=\"noreferrer noopener\">francesco.dimaio@polimi.it<\/a><br>Tel: (+39) 02 2399 6372<\/p>\n<\/div><\/div>\n<\/div>\n\n\n\n<div class=\"wp-block-column is-layout-flow wp-block-column-is-layout-flow\">\n<h4 class=\"wp-block-heading\">Segreteria di Dottorato<\/h4>\n\n\n\n<div class=\"wp-block-media-text alignwide is-stacked-on-mobile\" style=\"grid-template-columns:36% auto\"><figure class=\"wp-block-media-text__media\"><img loading=\"lazy\" decoding=\"async\" width=\"600\" height=\"525\" src=\"https:\/\/www.ccs-energetica.polimi.it\/wp-content\/uploads\/2025\/03\/Villa_Barbara_0691-3.jpg\" alt=\"\" class=\"wp-image-2262 size-full\" srcset=\"https:\/\/www.ccs-energetica.polimi.it\/wp-content\/uploads\/2025\/03\/Villa_Barbara_0691-3.jpg 600w, https:\/\/www.ccs-energetica.polimi.it\/wp-content\/uploads\/2025\/03\/Villa_Barbara_0691-3-300x263.jpg 300w\" sizes=\"auto, (max-width: 600px) 100vw, 600px\" \/><\/figure><div class=\"wp-block-media-text__content\">\n<h5 class=\"wp-block-heading\">Barbara Villa<\/h5>\n\n\n\n<p>Email: <a href=\"mailto: barbara.villa@polimi.it\">barbara.villa@polimi.it<\/a><br>Tel: (+39) 02 2399 3855<\/p>\n<\/div><\/div>\n<\/div>\n<\/div>\n","protected":false},"excerpt":{"rendered":"<hr class=\"wp-block-separator has-text-color has-cyan-bluish-gray-color has-css-opacity has-cyan-bluish-gray-background-color has-background is-style-wide\"\/>\n<p>Il Dottorato di Ricerca in Scienze e Tecnologie Energetiche e Nucleari (STEN) \u00e8 concepito e organizzato per preparare professionisti di alto profilo culturale,<\/p>\n<p> &hellip; <a href=\"https:\/\/www.ccs-energetica.polimi.it\/it\/studenti\/ammissione-dottorato\/\" class=\"more-link\">Continue reading <span class=\"screen-reader-text\">Ammissione Dottorato<\/span><\/a><\/p>\n","protected":false},"author":2,"featured_media":0,"parent":30,"menu_order":33,"comment_status":"closed","ping_status":"closed","template":"page-templates\/full-width.php","meta":{"footnotes":""},"class_list":["post-163","page","type-page","status-publish","hentry"],"jetpack_sharing_enabled":true,"_links":{"self":[{"href":"https:\/\/www.ccs-energetica.polimi.it\/it\/wp-json\/wp\/v2\/pages\/163","targetHints":{"allow":["GET"]}}],"collection":[{"href":"https:\/\/www.ccs-energetica.polimi.it\/it\/wp-json\/wp\/v2\/pages"}],"about":[{"href":"https:\/\/www.ccs-energetica.polimi.it\/it\/wp-json\/wp\/v2\/types\/page"}],"author":[{"embeddable":true,"href":"https:\/\/www.ccs-energetica.polimi.it\/it\/wp-json\/wp\/v2\/users\/2"}],"replies":[{"embeddable":true,"href":"https:\/\/www.ccs-energetica.polimi.it\/it\/wp-json\/wp\/v2\/comments?post=163"}],"version-history":[{"count":19,"href":"https:\/\/www.ccs-energetica.polimi.it\/it\/wp-json\/wp\/v2\/pages\/163\/revisions"}],"predecessor-version":[{"id":2584,"href":"https:\/\/www.ccs-energetica.polimi.it\/it\/wp-json\/wp\/v2\/pages\/163\/revisions\/2584"}],"up":[{"embeddable":true,"href":"https:\/\/www.ccs-energetica.polimi.it\/it\/wp-json\/wp\/v2\/pages\/30"}],"wp:attachment":[{"href":"https:\/\/www.ccs-energetica.polimi.it\/it\/wp-json\/wp\/v2\/media?parent=163"}],"curies":[{"name":"wp","href":"https:\/\/api.w.org\/{rel}","templated":true}]}}