{"id":476,"date":"2021-02-09T10:58:52","date_gmt":"2021-02-09T08:58:52","guid":{"rendered":"https:\/\/www.ccs-energetica.polimi.it\/?page_id=476"},"modified":"2026-02-23T15:37:12","modified_gmt":"2026-02-23T13:37:12","slug":"mobilita-internazionale","status":"publish","type":"page","link":"https:\/\/www.ccs-energetica.polimi.it\/it\/mobilita-internazionale\/","title":{"rendered":"Esperienza internazionale"},"content":{"rendered":"\n<hr class=\"wp-block-separator has-text-color has-cyan-bluish-gray-color has-css-opacity has-cyan-bluish-gray-background-color has-background is-style-wide\"\/>\n\n\n\n<p>Per il Corso di studio in Ingegneria Energetica \u00e8 fondamentale dare un solido supporto agli studenti perch\u00e9 possano vivere un\u2019<strong>esperienza internazionale<\/strong>, in considerazione dell\u2019importanza formativa, personale e professionale, che questo aspetto riveste nel corso degli anni universitari. Questo supporto \u00e8 offerto sia agli studenti iscritti al Politecnico di Milano che desiderano svolgere parte del proprio percorso fuori dall\u2019Italia, sia a quelli di altre universit\u00e0 internazionali che desiderano frequentare per un periodo il Politecnico.<\/p>\n\n\n\n<div style=\"height:25px\" aria-hidden=\"true\" class=\"wp-block-spacer\"><\/div>\n\n\n\n<h3 class=\"wp-block-heading\"><strong>Studenti iscritti al Corso di studio in Ingegneria Energetica presso il Politecnico di Milano<\/strong><\/h3>\n\n\n\n<p>Gli studenti del nostro Corso di studio possono partecipare ai <strong>programmi di scambio<\/strong> per <strong>mobilit\u00e0 (in uscita)<\/strong> offerti dall\u2019Ateneo, come <a href=\"https:\/\/www.polimi.it\/campus-e-servizi\/mobilita-internazionale\/studiare-allestero\" target=\"_blank\" rel=\"noreferrer noopener\">qui<\/a> descritti. Tali programmi permettono di trascorrere un periodo di studi all&#8217;estero riconosciuto nel proprio curriculum accademico grazie ai numerosi accordi con sedi partner in tutto il mondo.<\/p>\n\n\n\n<p>Per i programmi di mobilit\u00e0 in uscita, oltre alle informazioni di Ateneo, \u00e8 fondamentale fare riferimento alle <a href=\"https:\/\/www.ingindinf.polimi.it\/studenti\/esperienze-allestero\" target=\"_blank\" rel=\"noreferrer noopener\">indicazioni della Scuola di Ingegneria industriale e dell\u2019informazione<\/a> e a quelle specifiche del nostro Corso di studio, illustrate nei seguenti documenti:<\/p>\n\n\n\n<div style=\"height:25px\" aria-hidden=\"true\" class=\"wp-block-spacer\"><\/div>\n\n\n\n<div class=\"wp-block-columns is-layout-flex wp-container-core-columns-is-layout-9d6595d7 wp-block-columns-is-layout-flex\">\n<div class=\"wp-block-column is-layout-flow wp-block-column-is-layout-flow\">\n<h5 class=\"wp-block-heading\"><strong>Presentazione Mobilit\u00e0 Internazionale <\/strong><\/h5>\n\n\n\n<div class=\"wp-block-buttons is-layout-flex wp-block-buttons-is-layout-flex\">\n<div class=\"wp-block-button\"><a class=\"wp-block-button__link has-white-color has-text-color has-background wp-element-button\" href=\"https:\/\/www.ccs-energetica.polimi.it\/wp-content\/uploads\/2025\/11\/PresentazioneMobilitaUscita_PresentationMobilityOutgoing.pdf\" style=\"background-color:#ff9c1b\" target=\"_blank\" rel=\"noreferrer noopener\">DOWNLOAD<\/a><\/div>\n<\/div>\n<\/div>\n\n\n\n<div class=\"wp-block-column is-layout-flow wp-block-column-is-layout-flow\">\n<h5 class=\"wp-block-heading\"><strong>Regolamento della mobilit\u00e0 in uscita<\/strong><\/h5>\n\n\n\n<div class=\"wp-block-buttons is-layout-flex wp-block-buttons-is-layout-flex\">\n<div class=\"wp-block-button\"><a class=\"wp-block-button__link has-white-color has-text-color has-background wp-element-button\" href=\"https:\/\/www.ccs-energetica.polimi.it\/wp-content\/uploads\/2026\/02\/RegolamentoMobilitaUscita_RulesMobilityOutgoing.pdf\" style=\"background-color:#ff9c1b\" target=\"_blank\" rel=\"noreferrer noopener\">DOWNLOAD<\/a><\/div>\n<\/div>\n<\/div>\n\n\n\n<div class=\"wp-block-column is-layout-flow wp-block-column-is-layout-flow\">\n<h5 class=\"wp-block-heading\"><strong>Compatibilit\u00e0 sedi ospitanti<\/strong><\/h5>\n\n\n\n<div class=\"wp-block-buttons is-layout-flex wp-block-buttons-is-layout-flex\">\n<div class=\"wp-block-button\"><a class=\"wp-block-button__link has-white-color has-text-color has-background wp-element-button\" href=\"https:\/\/www.ccs-energetica.polimi.it\/wp-content\/uploads\/2024\/12\/Compatibility_HostingInstitution_EnergyEngineering.pdf\" style=\"background-color:#ff9c1b\" target=\"_blank\" rel=\"noreferrer noopener\">DOWNLOAD<\/a><\/div>\n<\/div>\n<\/div>\n<\/div>\n\n\n\n<div style=\"height:25px\" aria-hidden=\"true\" class=\"wp-block-spacer\"><\/div>\n\n\n\n<p><a id=\"_msocom_1\"><\/a><\/p>\n\n\n\n<p>Oltre ai precedenti programmi, gli studenti possono alternativamente partecipare al progetto <strong><a href=\"https:\/\/www.polimi.it\/il-politecnico\/relazioni-internazionali\/progetti-europei\/enhance\" target=\"_blank\" rel=\"noreferrer noopener\">ENHANCE<\/a><\/strong>. Il progetto <em><strong>European Universities of Technology Alliance<\/strong><\/em>, ENHANCE in breve, \u00e8 un\u2019alleanza di dieci delle migliori universit\u00e0 tecniche europee ad alta intensit\u00e0 di ricerca, tra cui il Politecnico, che sta creando uno spazio accademico europeo per l\u2019interazione tra progetto tecnologico, societ\u00e0 e ambiente. All&#8217;interno di questo spazio, studenti, docenti, ricercatori, staff, possono gi\u00e0 muoversi liberamente arricchendo la propria formazione, sviluppando nuove competenze, sensibilit\u00e0 interculturale e capacit\u00e0 di innovazione, come fossero parte di un\u2019unica istituzione europea: One Campus!<\/p>\n\n\n\n<p>Un\u2019ulteriore opportunit\u00e0 per gli studenti \u00e8 il programma <a href=\"http:\/\/Hydrogen Systems and Enabling Technologies\" target=\"_blank\" rel=\"noreferrer noopener\"><strong>HySET<\/strong> &#8211; Hydrogen Systems and Enabling Technologies<\/a>. Questo programma, focalizzato sul tema dell\u2019idrogeno come vettore energetico, permette agli studenti di acquisire conoscenze fondamentali e industriali sull\u2019ingegneria di processo nel primo anno, presso il Politecnico di Torino oppure il Politecnico di Milano, e di approfondire temi specifici dell\u2019idrogeno nel secondo anno, presso Eindhoven University of Technology, Norwegian University of Science and Technology o Universitat Politecnica de Catalunya. Al termine del percorso gli studenti conseguono un doppio titolo, il primo dall\u2019ateneo italiano di frequentazione e il secondo da quello estero.<\/p>\n\n\n\n<hr class=\"wp-block-separator has-css-opacity\"\/>\n\n\n\n<div style=\"height:25px\" aria-hidden=\"true\" class=\"wp-block-spacer\"><\/div>\n\n\n\n<h3 class=\"wp-block-heading\"><strong>Studenti iscritti in altre universit\u00e0 internazionali<\/strong><\/h3>\n\n\n\n<p>Gli studenti di altre universit\u00e0 internazionali possono frequentare gli insegnamenti del nostro Corso di studio attraverso i molti <a href=\"https:\/\/www.polimi.it\/campus-e-servizi\/mobilita-internazionale\/studiare-al-polimi\" target=\"_blank\" rel=\"noreferrer noopener\"><strong>programmi di scambio<\/strong> per <strong>mobilit\u00e0 (in ingresso)<\/strong> offerti dall\u2019Ateneo<\/a>.<\/p>\n\n\n\n<p>Un\u2019ulteriore opportunit\u00e0 per gli studenti \u00e8, come per gli studenti del Politecnico, i progetti <strong><a href=\"https:\/\/www.polimi.it\/il-politecnico\/relazioni-internazionali\/progetti-europei\/enhance\" target=\"_blank\" rel=\"noreferrer noopener\">ENHANCE<\/a><\/strong> e <strong><a href=\"https:\/\/hysetmaster.polito.it\/\" target=\"_blank\" rel=\"noreferrer noopener\">HySET<\/a><\/strong>.<\/p>\n\n\n\n<div style=\"height:70px\" aria-hidden=\"true\" class=\"wp-block-spacer\"><\/div>\n\n\n\n<p><\/p>\n","protected":false},"excerpt":{"rendered":"<hr class=\"wp-block-separator has-text-color has-cyan-bluish-gray-color has-css-opacity has-cyan-bluish-gray-background-color has-background is-style-wide\"\/>\n<p>Per il Corso di studio in Ingegneria Energetica \u00e8 fondamentale dare un solido supporto agli studenti perch\u00e9 possano vivere un\u2019<strong>esperienza internazionale<\/strong>,<\/p>\n<p> &hellip; <a href=\"https:\/\/www.ccs-energetica.polimi.it\/it\/mobilita-internazionale\/\" class=\"more-link\">Continue reading <span class=\"screen-reader-text\">Esperienza internazionale<\/span><\/a><\/p>\n","protected":false},"author":2,"featured_media":0,"parent":0,"menu_order":52,"comment_status":"closed","ping_status":"closed","template":"page-templates\/full-width.php","meta":{"footnotes":""},"class_list":["post-476","page","type-page","status-publish","hentry"],"jetpack_sharing_enabled":true,"_links":{"self":[{"href":"https:\/\/www.ccs-energetica.polimi.it\/it\/wp-json\/wp\/v2\/pages\/476","targetHints":{"allow":["GET"]}}],"collection":[{"href":"https:\/\/www.ccs-energetica.polimi.it\/it\/wp-json\/wp\/v2\/pages"}],"about":[{"href":"https:\/\/www.ccs-energetica.polimi.it\/it\/wp-json\/wp\/v2\/types\/page"}],"author":[{"embeddable":true,"href":"https:\/\/www.ccs-energetica.polimi.it\/it\/wp-json\/wp\/v2\/users\/2"}],"replies":[{"embeddable":true,"href":"https:\/\/www.ccs-energetica.polimi.it\/it\/wp-json\/wp\/v2\/comments?post=476"}],"version-history":[{"count":36,"href":"https:\/\/www.ccs-energetica.polimi.it\/it\/wp-json\/wp\/v2\/pages\/476\/revisions"}],"predecessor-version":[{"id":2607,"href":"https:\/\/www.ccs-energetica.polimi.it\/it\/wp-json\/wp\/v2\/pages\/476\/revisions\/2607"}],"wp:attachment":[{"href":"https:\/\/www.ccs-energetica.polimi.it\/it\/wp-json\/wp\/v2\/media?parent=476"}],"curies":[{"name":"wp","href":"https:\/\/api.w.org\/{rel}","templated":true}]}}