{"id":730,"date":"2021-02-19T15:28:51","date_gmt":"2021-02-19T13:28:51","guid":{"rendered":"https:\/\/www.ccs-energetica.polimi.it\/?page_id=730"},"modified":"2026-04-22T11:07:05","modified_gmt":"2026-04-22T09:07:05","slug":"corso-di-laurea-magistrale","status":"publish","type":"page","link":"https:\/\/www.ccs-energetica.polimi.it\/it\/corso-di-laurea-magistrale\/","title":{"rendered":"Corso di Laurea Magistrale"},"content":{"rendered":"\n<hr class=\"wp-block-separator has-text-color has-cyan-bluish-gray-color has-css-opacity has-cyan-bluish-gray-background-color has-background is-style-wide\"\/>\n\n\n\n<div class=\"wp-block-group\"><div class=\"wp-block-group__inner-container is-layout-flow wp-block-group-is-layout-flow\">\n<div class=\"wp-block-columns is-layout-flex wp-container-core-columns-is-layout-9d6595d7 wp-block-columns-is-layout-flex\">\n<div class=\"wp-block-column is-layout-flow wp-block-column-is-layout-flow\">\n<h4 class=\"wp-block-heading\">Informazioni generali<\/h4>\n\n\n\n<ul class=\"wp-block-list\">\n<li><strong>Livello:<\/strong> Laurea Magistrale &#8211; Ordinamento 270\/04<\/li>\n\n\n\n<li><strong>Classe di Laurea:<\/strong> LM-30 &#8211; Ingegneria energetica e nucleare<\/li>\n\n\n\n<li><strong>Sede:<\/strong> Campus di Milano Bovisa \/ Campus di Piacenza<\/li>\n\n\n\n<li><strong>Afferenza:<\/strong> Scuola di Ingegneria Industriale e dell&#8217;Informazione<\/li>\n\n\n\n<li><strong>Durata nominale del corso:<\/strong> 2 anni<\/li>\n\n\n\n<li><strong>Lingua ufficiale:<\/strong> Inglese \/ Italiano<\/li>\n<\/ul>\n\n\n\n<p><\/p>\n<\/div>\n\n\n\n<div class=\"wp-block-column is-layout-flow wp-block-column-is-layout-flow\">\n<h4 class=\"wp-block-heading\">Coordinatore del Corso di Laurea<\/h4>\n\n\n\n<div class=\"wp-block-media-text alignwide is-stacked-on-mobile\" style=\"grid-template-columns:29% auto\"><figure class=\"wp-block-media-text__media\"><img loading=\"lazy\" decoding=\"async\" width=\"183\" height=\"220\" src=\"https:\/\/www.ccs-energetica.polimi.it\/wp-content\/uploads\/2021\/02\/chiesa.jpg\" alt=\"\" class=\"wp-image-1023 size-full\"\/><\/figure><div class=\"wp-block-media-text__content\">\n<h6 class=\"wp-block-heading\"><\/h6>\n\n\n\n<p><strong>Prof. Paolo Chiesa<br><\/strong>Email: <a href=\"mailto: paolo.chiesa@polimi.it\">paolo.chiesa@polimi.it<\/a><br>Tel: (+39) 02 2399 3916<\/p>\n<\/div><\/div>\n<\/div>\n<\/div>\n<\/div><\/div>\n\n\n\n<h4 class=\"wp-block-heading\">Regolamento didattico: <a href=\"https:\/\/onlineservices.polimi.it\/manifesti\/manifesti\/controller\/extra\/RegolamentoPublic.do?jaf_currentWFID=main&amp;EVN_DEFAULT=evento&amp;aa=2025&amp;k_corso_la=546&amp;lang=IT\" data-type=\"URL\" data-id=\"https:\/\/www.polimi.it\/?id=6502&amp;anno=2021&amp;campus=&amp;scuola=&amp;corso=477\" target=\"_blank\" rel=\"noreferrer noopener\">link<\/a><\/h4>\n\n\n\n<div style=\"height:36px\" aria-hidden=\"true\" class=\"wp-block-spacer\"><\/div>\n\n\n\n<div class=\"wp-block-cover is-light\"><span aria-hidden=\"true\" class=\"wp-block-cover__background has-background-dim-100 has-background-dim has-background-gradient\" style=\"background:linear-gradient(135deg,rgb(238,238,238) 50%,rgb(169,184,195) 100%)\"><\/span><div class=\"wp-block-cover__inner-container is-layout-flow wp-block-cover-is-layout-flow\">\n<h4 class=\"wp-block-heading has-black-color has-text-color\"><strong>Obiettivi Formativi<\/strong><\/h4>\n\n\n\n<p class=\"has-black-color has-text-color\">Nella laurea magistrale si punta a completare e integrare la conoscenza tecnica maturata nei percorsi di primo livello (con una solida preparazione nelle materie di base e nelle discipline ingegneristiche dell&#8217;ingegneria industriale e in particolare della termodinamica applicata, delle macchine e dei sistemi energetici) con ulteriori e pi\u00f9 approfondite nozioni generali, ma soprattutto con un approccio pi\u00f9 mirato alle applicazioni pi\u00f9 complesse e avanzate e alla ricerca e sviluppo. Vengono pertanto sviluppate tematiche specifiche (alcuni esempi: le tecniche di abbattimento degli inquinanti da combustione e della mitigazione dell&#8217;effetto serra, i cicli termodinamici avanzati per la conversione dell&#8217;energia, le metodologie progettuali pi\u00f9 sofisticate per la climatizzazione e per il benessere ambientale, la soluzione di problemi progettuali complessi relativi ai dispositivi di scambio di calore e di massa e alle macchine termiche), per le quali sono necessari sia approfondimenti metodologicamente pi\u00f9 rigorosi delle scienze basate sulla termodinamica, sia un&#8217;ampia apertura a temi inter-disciplinari connessi, quali i sistemi elettrici, l&#8217;ingegneria chimica, le metodologie gestionali ed economiche e altri. Pertanto, il corso di laurea magistrale in Ingegneria Energetica vuole preparare tecnici in grado di utilizzare con versatilit\u00e0 e competenza le principali tecnologie relative alla produzione e all&#8217;impiego dell&#8217;energia, capaci di seguire attivamente gli avanzamenti tecnologici e di operare efficacemente in un contesto industriale competitivo e caratterizzato da notevoli problematiche di carattere ambientale, normativo e di sicurezza.<\/p>\n\n\n\n<p class=\"has-text-align-center has-large-font-size\"><\/p>\n<\/div><\/div>\n\n\n\n<div style=\"height:38px\" aria-hidden=\"true\" class=\"wp-block-spacer\"><\/div>\n\n\n\n<h4 class=\"wp-block-heading\">Architettura del Corso di Laurea<\/h4>\n\n\n\n<p>Il corso di laurea magistrale in Ingegneria Energetica eroga programmi sia in italiano sia in inglese, nei quali \u00e8 comunque possibile inserire insegnamenti erogati in entrambe le lingue, scelti nell&#8217;ambito di un\u2019ampia offerta didattica. All&#8217;atto dell&#8217;iscrizione, lo studente sceglie uno fra i sei piani di studio (PSPA) su cui \u00e8 organizzato il corso:<\/p>\n\n\n\n<div class=\"wp-block-columns is-layout-flex wp-container-core-columns-is-layout-9d6595d7 wp-block-columns-is-layout-flex\">\n<div class=\"wp-block-column is-layout-flow wp-block-column-is-layout-flow\">\n<p><strong>PSPA &#8211; Campus Milano Bovisa<\/strong><\/p>\n\n\n\n<ul class=\"wp-block-list\">\n<li><strong>Insegnamenti:<\/strong> <a rel=\"noreferrer noopener\" href=\"https:\/\/www4.ceda.polimi.it\/manifesti\/manifesti\/controller\/ManifestoPublic.do?&amp;aa=2018&amp;k_cf=225&amp;k_corso_la=477&amp;ac_ins=0&amp;k_indir=EEG&amp;lang=IT&amp;tipoCorso=ALL_TIPO_CORSO&amp;caricaOffertaInvisibile=false&amp;semestre=ALL_SEMESTRI&amp;sede=BV\" target=\"_blank\">PSPA &#8220;Green Power Systems&#8221;<\/a><\/li>\n\n\n\n<li><strong>Insegnamenti:<\/strong> <a rel=\"noreferrer noopener\" href=\"https:\/\/www4.ceda.polimi.it\/manifesti\/manifesti\/controller\/ManifestoPublic.do?&amp;aa=2018&amp;k_cf=225&amp;k_corso_la=477&amp;ac_ins=0&amp;k_indir=EEP&amp;lang=IT&amp;tipoCorso=ALL_TIPO_CORSO&amp;caricaOffertaInvisibile=false&amp;semestre=ALL_SEMESTRI&amp;sede=BV\" target=\"_blank\">PSPA &#8220;Power Generation \u2013 Produzione di potenza&#8221;<\/a><\/li>\n\n\n\n<li><strong>Insegnamenti:<\/strong> <a rel=\"noreferrer noopener\" href=\"https:\/\/www4.ceda.polimi.it\/manifesti\/manifesti\/controller\/ManifestoPublic.do?&amp;aa=2018&amp;k_cf=225&amp;k_corso_la=477&amp;ac_ins=0&amp;k_indir=EEH&amp;lang=IT&amp;tipoCorso=ALL_TIPO_CORSO&amp;caricaOffertaInvisibile=false&amp;semestre=ALL_SEMESTRI&amp;sede=BV\" target=\"_blank\">PSPA &#8220;Oil and Gas Production&#8221;<\/a><\/li>\n\n\n\n<li><strong>Insegnamenti:<\/strong> <a rel=\"noreferrer noopener\" href=\"https:\/\/www4.ceda.polimi.it\/manifesti\/manifesti\/controller\/ManifestoPublic.do?&amp;aa=2018&amp;k_cf=225&amp;k_corso_la=477&amp;ac_ins=0&amp;k_indir=EES&amp;lang=IT&amp;tipoCorso=ALL_TIPO_CORSO&amp;caricaOffertaInvisibile=false&amp;semestre=ALL_SEMESTRI&amp;sede=BV\" target=\"_blank\">PSPA &#8220;Energy for Development&#8221;<\/a><\/li>\n\n\n\n<li><strong>Insegnamenti:<\/strong> <a rel=\"noreferrer noopener\" href=\"https:\/\/www4.ceda.polimi.it\/manifesti\/manifesti\/controller\/ManifestoPublic.do?&amp;aa=2018&amp;k_cf=225&amp;k_corso_la=477&amp;ac_ins=0&amp;k_indir=EIT&amp;lang=IT&amp;tipoCorso=ALL_TIPO_CORSO&amp;caricaOffertaInvisibile=false&amp;semestre=ALL_SEMESTRI&amp;sede=BV\" target=\"_blank\">PSPA &#8220;Termotecnica \u2013 Energy Use and Built Environment&#8221;<\/a><\/li>\n<\/ul>\n<\/div>\n\n\n\n<div class=\"wp-block-column is-layout-flow wp-block-column-is-layout-flow\">\n<p><strong>PSPA &#8211; Campus di Piacenza<\/strong><\/p>\n\n\n\n<ul class=\"wp-block-list\">\n<li><strong>Insegnamenti:<\/strong> <a rel=\"noreferrer noopener\" href=\"https:\/\/www4.ceda.polimi.it\/manifesti\/manifesti\/controller\/ManifestoPublic.do?&amp;aa=2018&amp;k_cf=225&amp;k_corso_la=477&amp;ac_ins=0&amp;k_indir=EEE&amp;lang=IT&amp;tipoCorso=ALL_TIPO_CORSO&amp;caricaOffertaInvisibile=false&amp;semestre=ALL_SEMESTRI&amp;sede=BV\" target=\"_blank\">PSPA &#8220;Renewables and Environmental Sustainability&#8221;<\/a><\/li>\n<\/ul>\n<\/div>\n<\/div>\n\n\n\n<div class=\"wp-block-cover is-light\" style=\"min-height:582px;aspect-ratio:unset;\"><span aria-hidden=\"true\" class=\"wp-block-cover__background has-background-dim-100 has-background-dim has-background-gradient\" style=\"background:linear-gradient(135deg,rgb(238,238,238) 50%,rgb(169,184,195) 100%)\"><\/span><div class=\"wp-block-cover__inner-container is-layout-flow wp-block-cover-is-layout-flow\">\n<h4 class=\"wp-block-heading has-black-color has-text-color\"><strong>Sbocchi Professionali<\/strong><\/h4>\n\n\n\n<p class=\"has-black-color has-text-color\">Il laureato magistrale in Ingegneria energetica \u00e8 un tecnico con preparazione di elevato livello in grado di affrontare tutte le tematiche, anche quelle pi\u00f9 innovative, per la progettazione e l&#8217;esercizio di impianti per la produzione, distribuzione e utilizzo dell&#8217;energia, di impianti di riscaldamento e condizionamento, dei loro componenti e dei sistemi termotecnici civili e industriali. \u00c8 inoltre in grado di svolgere il ruolo di responsabile dell&#8217;energia nelle aziende ed enti in cui \u00e8 richiesto tale ruolo. I possibili sbocchi professionali per l&#8217;Ingegnere con laurea magistrale sono: nel settore della gestione dell&#8217;energia, nell&#8217;industria e in aziende ed enti pubblici territoriali fornitori del servizio energia; negli enti pubblici o negli organismi internazionali dove \u00e8 richiesto il ruolo di tecnici specialisti dell&#8217;energia; nell&#8217;attivit\u00e0 di progettazione, collaudo, esercizio e manutenzione di impianti energetici; nelle industrie energetiche operanti nei settori termoelettrico, idroelettrico, motoristico, petrolifero e del gas naturale, a livello di produzione o di distribuzione. Ai laureati magistrali sono riservate le attivit\u00e0 di ricerca e sviluppo, nonch\u00e9 quelle relative alle fasi di studio e di progetto delle applicazioni pi\u00f9 specialistiche e di maggior impegno (grandi impianti, processi innovativi, sviluppo di macchine e componenti tecnologicamente avanzati). La preparazione pi\u00f9 ampia e flessibile fornita dal corso di laurea magistrale, inoltre, fa s\u00ec che si aprano possibilit\u00e0 di lavoro in ambiti intersettoriali che coinvolgono il settore energetico.<\/p>\n\n\n\n<p class=\"has-black-color has-text-color\">Previo superamento dell&#8217;Esame di Stato, i laureati magistrali in Ingegneria Energetica possono iscriversi all&#8217;Albo dell&#8217;Ordine degli Ingegneri, con il titolo di Ingegnere.<\/p>\n\n\n\n<hr class=\"wp-block-separator has-text-color has-white-color has-css-opacity has-white-background-color has-background\"\/>\n\n\n\n<div style=\"height:28px\" aria-hidden=\"true\" class=\"wp-block-spacer\"><\/div>\n\n\n\n<div class=\"wp-block-columns is-layout-flex wp-container-core-columns-is-layout-9d6595d7 wp-block-columns-is-layout-flex\">\n<div class=\"wp-block-column is-layout-flow wp-block-column-is-layout-flow\">\n<p class=\"has-black-color has-text-color\" style=\"font-size:21px\"><strong>Approfondisci gli sbocchi professionali<\/strong><\/p>\n\n\n\n<div class=\"wp-block-buttons is-layout-flex wp-block-buttons-is-layout-flex\">\n<div class=\"wp-block-button\"><a class=\"wp-block-button__link has-background wp-element-button\" href=\"https:\/\/www.ccs-energetica.polimi.it\/lavoro\/sbocchi-professionali\/\" style=\"background-color:#ff9c1b\">visita la pagina dedicata<\/a><\/div>\n<\/div>\n<\/div>\n<\/div>\n<\/div><\/div>\n\n\n\n<div style=\"height:46px\" aria-hidden=\"true\" class=\"wp-block-spacer\"><\/div>\n\n\n\n<h4 class=\"wp-block-heading\">Formazione successiva<\/h4>\n\n\n\n<p>Con ammissione subordinata alla valutazione del curriculum di studi, il laureato pu\u00f2 orientarsi verso corsi di dottorato di ricerca o Master di 2\u00b0 livello.<\/p>\n\n\n\n<hr class=\"wp-block-separator has-css-opacity\"\/>\n\n\n\n<div class=\"wp-block-columns is-layout-flex wp-container-core-columns-is-layout-9d6595d7 wp-block-columns-is-layout-flex\">\n<div class=\"wp-block-column is-layout-flow wp-block-column-is-layout-flow\" style=\"flex-basis:66.66%\">\n<h4 class=\"wp-block-heading\"><strong>Presentazione del Corso di Laurea Magistrale in Ingegneria Energetica<\/strong><\/h4>\n\n\n\n<p>Politecnico di Milano <strong>Open Day 2026<\/strong><\/p>\n<\/div>\n\n\n\n<div class=\"wp-block-column is-vertically-aligned-center is-layout-flow wp-block-column-is-layout-flow\" style=\"flex-basis:33.33%\">\n<div class=\"wp-block-buttons is-horizontal is-content-justification-center is-layout-flex wp-container-core-buttons-is-layout-499968f5 wp-block-buttons-is-layout-flex\">\n<div class=\"wp-block-button is-style-fill\"><a class=\"wp-block-button__link has-white-color has-text-color has-background wp-element-button\" href=\"https:\/\/www.ccs-energetica.polimi.it\/wp-content\/uploads\/2026\/04\/OpenDay-LM_ENE_2026-v2.pdf\" style=\"background-color:#ff9c1b\" target=\"_blank\" rel=\"noreferrer noopener\">DOWNLOAD<\/a><\/div>\n<\/div>\n<\/div>\n<\/div>\n\n\n\n<div class=\"wp-block-cover is-light\" style=\"min-height:172px;aspect-ratio:unset;\"><span aria-hidden=\"true\" class=\"wp-block-cover__background has-background-dim-100 has-background-dim has-background-gradient\" style=\"background:linear-gradient(135deg,rgb(238,238,238) 26%,rgb(169,184,195) 100%)\"><\/span><div class=\"wp-block-cover__inner-container is-layout-flow wp-block-cover-is-layout-flow\">\n<p class=\"has-text-align-center has-black-color has-text-color\" style=\"font-size:23px\">Sei interessata\/o a iscriverti al Corso di Laurea Magistrale?<\/p>\n\n\n\n<p class=\"has-text-align-center\" style=\"font-size:23px\"><a href=\"https:\/\/www.ccs-energetica.polimi.it\/studenti\/ammissione-laurea-magistrale\/\" data-type=\"URL\" data-id=\"https:\/\/www.ccs-energetica.polimi.it\/studenti\/ammissione-laurea-magistrale\/\">Vai alla pagina dedicata<\/a><\/p>\n<\/div><\/div>\n","protected":false},"excerpt":{"rendered":"<hr class=\"wp-block-separator has-text-color has-cyan-bluish-gray-color has-css-opacity has-cyan-bluish-gray-background-color has-background is-style-wide\"\/>\n<div class=\"wp-block-group\">\n<div class=\"wp-block-group__inner-container is-layout-flow wp-block-group-is-layout-flow\">\n<div class=\"wp-block-columns is-layout-flex wp-container-core-columns-is-layout-9d6595d7 wp-block-columns-is-layout-flex\">\n<div class=\"wp-block-column is-layout-flow wp-block-column-is-layout-flow\">\n<h4 class=\"wp-block-heading\">Informazioni generali<\/h4>\n<ul class=\"wp-block-list\">\n<li><strong>Livello:<\/strong> Laurea Magistrale &#8211; Ordinamento 270\/04<\/li>\n<li><strong>Classe di Laurea:<\/strong> LM-30 &#8211;<\/li>\n<\/ul>\n<\/div>\n<\/div>\n<\/div>\n<\/div>\n<p> &hellip; <a href=\"https:\/\/www.ccs-energetica.polimi.it\/it\/corso-di-laurea-magistrale\/\" class=\"more-link\">Continue reading <span class=\"screen-reader-text\">Corso di Laurea Magistrale<\/span><\/a><\/p>\n","protected":false},"author":2,"featured_media":0,"parent":0,"menu_order":26,"comment_status":"closed","ping_status":"closed","template":"page-templates\/full-width.php","meta":{"footnotes":""},"class_list":["post-730","page","type-page","status-publish","hentry"],"jetpack_sharing_enabled":true,"_links":{"self":[{"href":"https:\/\/www.ccs-energetica.polimi.it\/it\/wp-json\/wp\/v2\/pages\/730","targetHints":{"allow":["GET"]}}],"collection":[{"href":"https:\/\/www.ccs-energetica.polimi.it\/it\/wp-json\/wp\/v2\/pages"}],"about":[{"href":"https:\/\/www.ccs-energetica.polimi.it\/it\/wp-json\/wp\/v2\/types\/page"}],"author":[{"embeddable":true,"href":"https:\/\/www.ccs-energetica.polimi.it\/it\/wp-json\/wp\/v2\/users\/2"}],"replies":[{"embeddable":true,"href":"https:\/\/www.ccs-energetica.polimi.it\/it\/wp-json\/wp\/v2\/comments?post=730"}],"version-history":[{"count":36,"href":"https:\/\/www.ccs-energetica.polimi.it\/it\/wp-json\/wp\/v2\/pages\/730\/revisions"}],"predecessor-version":[{"id":2704,"href":"https:\/\/www.ccs-energetica.polimi.it\/it\/wp-json\/wp\/v2\/pages\/730\/revisions\/2704"}],"wp:attachment":[{"href":"https:\/\/www.ccs-energetica.polimi.it\/it\/wp-json\/wp\/v2\/media?parent=730"}],"curies":[{"name":"wp","href":"https:\/\/api.w.org\/{rel}","templated":true}]}}